{"id":20,"date":"2018-04-20T08:40:05","date_gmt":"2018-04-20T06:40:05","guid":{"rendered":"http:\/\/future-higher-education.com\/?page_id=20"},"modified":"2025-01-31T18:11:12","modified_gmt":"2025-01-31T17:11:12","slug":"research-projects","status":"publish","type":"page","link":"https:\/\/future-higher-education.hu\/en\/research-projects\/","title":{"rendered":"Research Projects"},"content":{"rendered":"<p><span style=\"font-size: 14pt;\"><strong>What we research<\/strong><\/span><\/p>\n<p>Our main focus is on the challenges and opportunities concerning the Future of Higher Education.<\/p>\n<p>We are currently at the end of a 5-year-long research project covering the <em><strong>future of business education<\/strong><\/em>. As part of this project, we investigated what social roles highly ranked business schools attribute to themselves and what kind of future they envision in their communication. Furthermore, we explored the most influential trends and biggest challenges facing the HE sector and its institutions, which we channelled into a scenario-building process. As a result, we published our scenario report in 2022, which outlines four possible futures for higher education. Based on this, we are now running scenario workshops and getting feedback from different stakeholder groups within the university. These stakeholders can be leaders, lecturers, researchers of education and students. This approach gives us a more detailed picture of how these groups relate to the future not only on a cognitive but also on an affective level.\u00a0We have got support from &#8216;Research projects initiated by young researchers&#8217; fund of National Research, Development and Innovation Office (Hungary) between 2018-2023 (FK127972).<\/p>\n<p>We have started a new 4-year research project about <strong><em>agency in higher education &#8211; from individual to global level<\/em><\/strong>.\u00a0 The aim of our research is to map how the different actors of higher education portray their social roles, and through that, their sense of agency. In the research we will focus on global\/macro and meso\/micro levels of the higher education system in order to compare each levels\u2019 discourse on the matter. To achieve this, we are planning to analyse international and Hungarian higher education institutions\u2019 vision and mission statements (global\/macro level) and carry out systems mapping and action learning processes with hidgher education teachers and students (meso\/micro levels). With the latter approaches, we will also be able to map the shifts in individual sense of agency.\u00a0This research is supported by National Research, Development and Innovation Office (Hungary) between 2022-2026 (K142227).<\/p>\n<p>A new research project has started in 2023 led by Anita Kolnhofer-Derecskei, Regina Reicher and Karina Sz\u00e1szv\u00e1ri. The scope of this project: i<span class=\"TextRun SCXW254164534 BCX0\" lang=\"HU-HU\" xml:lang=\"HU-HU\" data-contrast=\"auto\"><span class=\"NormalTextRun SCXW254164534 BCX0\">n May 2020, <\/span><span class=\"NormalTextRun SpellingErrorV2Themed SCXW254164534 BCX0\">the<\/span><span class=\"NormalTextRun SCXW254164534 BCX0\"> ILO <\/span><span class=\"NormalTextRun SpellingErrorV2Themed SCXW254164534 BCX0\">released<\/span><span class=\"NormalTextRun SCXW254164534 BCX0\"> a <\/span><span class=\"NormalTextRun SpellingErrorV2Themed SCXW254164534 BCX0\">report<\/span> <span class=\"NormalTextRun SpellingErrorV2Themed SCXW254164534 BCX0\">where<\/span> <span class=\"NormalTextRun SpellingErrorV2Themed SCXW254164534 BCX0\">the<\/span><span class=\"NormalTextRun SCXW254164534 BCX0\"> ILO <\/span><span class=\"NormalTextRun SpellingErrorV2Themed SCXW254164534 BCX0\">urged<\/span> <span class=\"NormalTextRun SCXW254164534 BCX0\">to<\/span> <span class=\"NormalTextRun SpellingErrorV2Themed SCXW254164534 BCX0\">investigate<\/span> <span class=\"NormalTextRun SpellingErrorV2Themed SCXW254164534 BCX0\">how<\/span><span class=\"NormalTextRun SCXW254164534 BCX0\"> &#8220;<\/span><span class=\"NormalTextRun SpellingErrorV2Themed SCXW254164534 BCX0\">young<\/span> <span class=\"NormalTextRun SpellingErrorV2Themed SCXW254164534 BCX0\">people<\/span> <span class=\"NormalTextRun SpellingErrorV2Themed SCXW254164534 BCX0\">are<\/span> <span class=\"NormalTextRun SpellingErrorV2Themed SCXW254164534 BCX0\">facing<\/span> <span class=\"NormalTextRun SpellingErrorV2Themed SCXW254164534 BCX0\">multiple<\/span> <span class=\"NormalTextRun SpellingErrorV2Themed SCXW254164534 BCX0\">shocks<\/span> <span class=\"NormalTextRun SpellingErrorV2Themed SCXW254164534 BCX0\">from<\/span> <span class=\"NormalTextRun SpellingErrorV2Themed SCXW254164534 BCX0\">the<\/span><span class=\"NormalTextRun SCXW254164534 BCX0\"> COVID<\/span><\/span><span class=\"TextRun SCXW254164534 BCX0\" lang=\"HU-HU\" xml:lang=\"HU-HU\" data-contrast=\"auto\"><span class=\"NormalTextRun SCXW254164534 BCX0\">\u2011<\/span><\/span><span class=\"TextRun SCXW254164534 BCX0\" lang=\"HU-HU\" xml:lang=\"HU-HU\" data-contrast=\"auto\"><span class=\"NormalTextRun SCXW254164534 BCX0\">19 <\/span><span class=\"NormalTextRun SpellingErrorV2Themed SCXW254164534 BCX0\">crisis<\/span><span class=\"NormalTextRun SCXW254164534 BCX0\">, <\/span><span class=\"NormalTextRun SpellingErrorV2Themed SCXW254164534 BCX0\">which<\/span> <span class=\"NormalTextRun SpellingErrorV2Themed SCXW254164534 BCX0\">could<\/span><span class=\"NormalTextRun SCXW254164534 BCX0\"> lead <\/span><span class=\"NormalTextRun SCXW254164534 BCX0\">to<\/span> <span class=\"NormalTextRun SpellingErrorV2Themed SCXW254164534 BCX0\">the<\/span> <span class=\"NormalTextRun SpellingErrorV2Themed SCXW254164534 BCX0\">emergence<\/span><span class=\"NormalTextRun SCXW254164534 BCX0\"> of a <\/span><span class=\"NormalTextRun SpellingErrorV2Themed SCXW254164534 BCX0\">lockdown<\/span> <span class=\"NormalTextRun SpellingErrorV2Themed SCXW254164534 BCX0\">generation<\/span><span class=\"NormalTextRun SCXW254164534 BCX0\">\u201d.\u00a0 The <\/span><span class=\"NormalTextRun SpellingErrorV2Themed SCXW254164534 BCX0\">pandemic<\/span> <span class=\"NormalTextRun SpellingErrorV2Themed SCXW254164534 BCX0\">restrictions<\/span> <span class=\"NormalTextRun SpellingErrorV2Themed SCXW254164534 BCX0\">can<\/span><span class=\"NormalTextRun SCXW254164534 BCX0\"> be <\/span><span class=\"NormalTextRun SpellingErrorV2Themed SCXW254164534 BCX0\">treated<\/span> <span class=\"NormalTextRun SpellingErrorV2Themed SCXW254164534 BCX0\">as<\/span><span class=\"NormalTextRun SCXW254164534 BCX0\"> a <\/span><span class=\"NormalTextRun SpellingErrorV2Themed SCXW254164534 BCX0\">career<\/span> <span class=\"NormalTextRun SpellingErrorV2Themed SCXW254164534 BCX0\">shock<\/span><span class=\"NormalTextRun SCXW254164534 BCX0\">, <\/span><span class=\"NormalTextRun SpellingErrorV2Themed SCXW254164534 BCX0\">that<\/span> <span class=\"NormalTextRun SpellingErrorV2Themed SCXW254164534 BCX0\">massively<\/span> <span class=\"NormalTextRun SpellingErrorV2Themed SCXW254164534 BCX0\">affected<\/span> <span class=\"NormalTextRun SpellingErrorV2Themed SCXW254164534 BCX0\">that<\/span> <span class=\"NormalTextRun SpellingErrorV2Themed SCXW254164534 BCX0\">generation<\/span> <span class=\"NormalTextRun SpellingErrorV2Themed SCXW254164534 BCX0\">who<\/span> <span class=\"NormalTextRun SpellingErrorV2Themed SCXW254164534 BCX0\">just<\/span> <span class=\"NormalTextRun SpellingErrorV2Themed SCXW254164534 BCX0\">newly<\/span> <span class=\"NormalTextRun SpellingErrorV2Themed SCXW254164534 BCX0\">graduated<\/span> <span class=\"NormalTextRun SpellingErrorV2Themed SCXW254164534 BCX0\">from<\/span> <span class=\"NormalTextRun SpellingErrorV2Themed SCXW254164534 BCX0\">university<\/span><span class=\"NormalTextRun SCXW254164534 BCX0\"> and entered <\/span><span class=\"NormalTextRun SpellingErrorV2Themed SCXW254164534 BCX0\">their<\/span> <span class=\"NormalTextRun SpellingErrorV2Themed SCXW254164534 BCX0\">early<\/span> <span class=\"NormalTextRun SpellingErrorV2Themed SCXW254164534 BCX0\">career<\/span> <span class=\"NormalTextRun SpellingErrorV2Themed SCXW254164534 BCX0\">stages<\/span><span class=\"NormalTextRun SCXW254164534 BCX0\"> in <\/span><span class=\"NormalTextRun SpellingErrorV2Themed SCXW254164534 BCX0\">the<\/span> <span class=\"NormalTextRun SpellingErrorV2Themed SCXW254164534 BCX0\">labour<\/span><span class=\"NormalTextRun SCXW254164534 BCX0\"> market. <\/span><span class=\"NormalTextRun SpellingErrorV2Themed SCXW254164534 BCX0\">This<\/span><span class=\"NormalTextRun SCXW254164534 BCX0\"> research <\/span><span class=\"NormalTextRun SpellingErrorV2Themed SCXW254164534 BCX0\">aims<\/span><span class=\"NormalTextRun SCXW254164534 BCX0\"> to <\/span><span class=\"NormalTextRun SpellingErrorV2Themed SCXW254164534 BCX0\">determine<\/span> <em><strong><span class=\"NormalTextRun SpellingErrorV2Themed SCXW254164534 BCX0\">how<\/span><span class=\"NormalTextRun SCXW254164534 BCX0\"> COVID-19 <\/span><span class=\"NormalTextRun SpellingErrorV2Themed SCXW254164534 BCX0\">restrictions<\/span> <span class=\"NormalTextRun SpellingErrorV2Themed SCXW254164534 BCX0\">affected<\/span> <span class=\"NormalTextRun SpellingErrorV2Themed SCXW254164534 BCX0\">the<\/span> <span class=\"NormalTextRun SpellingErrorV2Themed SCXW254164534 BCX0\">subpopulation<\/span><span class=\"NormalTextRun SCXW254164534 BCX0\"> (<\/span><span class=\"NormalTextRun SpellingErrorV2Themed SCXW254164534 BCX0\">generation<\/span><span class=\"NormalTextRun SCXW254164534 BCX0\">) of <\/span><span class=\"NormalTextRun SpellingErrorV2Themed SCXW254164534 BCX0\">the<\/span> <span class=\"NormalTextRun SpellingErrorV2Themed SCXW254164534 BCX0\">cohort<\/span><span class=\"NormalTextRun SCXW254164534 BCX0\"> of <\/span><span class=\"NormalTextRun SpellingErrorV2Themed SCXW254164534 BCX0\">early<\/span> <span class=\"NormalTextRun SpellingErrorV2Themed SCXW254164534 BCX0\">career<\/span> <span class=\"NormalTextRun SpellingErrorV2Themed SCXW254164534 BCX0\">workers<\/span> <\/strong><\/em><span class=\"NormalTextRun SpellingErrorV2Themed SCXW254164534 BCX0\">who<\/span> <span class=\"NormalTextRun SpellingErrorV2Themed SCXW254164534 BCX0\">experienced<\/span><span class=\"NormalTextRun SCXW254164534 BCX0\"> a <\/span><span class=\"NormalTextRun SpellingErrorV2Themed SCXW254164534 BCX0\">lockdown<\/span> <span class=\"NormalTextRun SpellingErrorV2Themed SCXW254164534 BCX0\">during<\/span> <span class=\"NormalTextRun SpellingErrorV2Themed SCXW254164534 BCX0\">the<\/span> <span class=\"NormalTextRun SpellingErrorV2Themed SCXW254164534 BCX0\">transition<\/span> <span class=\"NormalTextRun SpellingErrorV2Themed SCXW254164534 BCX0\">from<\/span> <span class=\"NormalTextRun SpellingErrorV2Themed SCXW254164534 BCX0\">university<\/span><span class=\"NormalTextRun SCXW254164534 BCX0\"> to <\/span><span class=\"NormalTextRun SpellingErrorV2Themed SCXW254164534 BCX0\">the<\/span> <span class=\"NormalTextRun SpellingErrorV2Themed SCXW254164534 BCX0\">labour<\/span><span class=\"NormalTextRun SCXW254164534 BCX0\"> market. The COVID-19 <\/span><span class=\"NormalTextRun SpellingErrorV2Themed SCXW254164534 BCX0\">pandemic<\/span> <span class=\"NormalTextRun SpellingErrorV2Themed SCXW254164534 BCX0\">transformed<\/span> <span class=\"NormalTextRun SpellingErrorV2Themed SCXW254164534 BCX0\">job-seeking<\/span> <span class=\"NormalTextRun SpellingErrorV2Themed SCXW254164534 BCX0\">habits<\/span><span class=\"NormalTextRun SCXW254164534 BCX0\"> and HR <\/span><span class=\"NormalTextRun SpellingErrorV2Themed SCXW254164534 BCX0\">practices<\/span> <span class=\"NormalTextRun SpellingErrorV2Themed SCXW254164534 BCX0\">globally<\/span><span class=\"NormalTextRun SCXW254164534 BCX0\">, <\/span><span class=\"NormalTextRun SpellingErrorV2Themed SCXW254164534 BCX0\">but<\/span> <span class=\"NormalTextRun SpellingErrorV2Themed SCXW254164534 BCX0\">the<\/span> <span class=\"NormalTextRun SpellingErrorV2Themed SCXW254164534 BCX0\">restrictions<\/span> <span class=\"NormalTextRun SpellingErrorV2Themed SCXW254164534 BCX0\">have<\/span> <span class=\"NormalTextRun SpellingErrorV2Themed SCXW254164534 BCX0\">also<\/span><span class=\"NormalTextRun SCXW254164534 BCX0\"> had <\/span><span class=\"NormalTextRun SpellingErrorV2Themed SCXW254164534 BCX0\">benefits<\/span><span class=\"NormalTextRun SCXW254164534 BCX0\"> and <\/span><span class=\"NormalTextRun SpellingErrorV2Themed SCXW254164534 BCX0\">positive<\/span> <span class=\"NormalTextRun SpellingErrorV2Themed SCXW254164534 BCX0\">outcomes<\/span><span class=\"NormalTextRun SCXW254164534 BCX0\">. Best <\/span><span class=\"NormalTextRun SpellingErrorV2Themed SCXW254164534 BCX0\">practices<\/span><span class=\"NormalTextRun SCXW254164534 BCX0\"> and <\/span><span class=\"NormalTextRun SpellingErrorV2Themed SCXW254164534 BCX0\">new<\/span> <span class=\"NormalTextRun SpellingErrorV2Themed SCXW254164534 BCX0\">skills<\/span><span class=\"NormalTextRun SCXW254164534 BCX0\"> (<\/span><span class=\"NormalTextRun SpellingErrorV2Themed SCXW254164534 BCX0\">gained<\/span> <span class=\"NormalTextRun SpellingErrorV2Themed SCXW254164534 BCX0\">during<\/span> <span class=\"NormalTextRun SpellingErrorV2Themed SCXW254164534 BCX0\">the<\/span> <span class=\"NormalTextRun SpellingErrorV2Themed SCXW254164534 BCX0\">pandemic<\/span><span class=\"NormalTextRun SCXW254164534 BCX0\">) <\/span><span class=\"NormalTextRun SpellingErrorV2Themed SCXW254164534 BCX0\">are<\/span> <span class=\"NormalTextRun SpellingErrorV2Themed SCXW254164534 BCX0\">going<\/span><span class=\"NormalTextRun SCXW254164534 BCX0\"> to <\/span><span class=\"NormalTextRun SpellingErrorV2Themed SCXW254164534 BCX0\">observe<\/span> <span class=\"NormalTextRun SpellingErrorV2Themed SCXW254164534 BCX0\">that<\/span> <span class=\"NormalTextRun SpellingErrorV2Themed SCXW254164534 BCX0\">might<\/span><span class=\"NormalTextRun SCXW254164534 BCX0\"> be <\/span><span class=\"NormalTextRun SpellingErrorV2Themed SCXW254164534 BCX0\">not<\/span> <span class=\"NormalTextRun SpellingErrorV2Themed SCXW254164534 BCX0\">just<\/span> <span class=\"NormalTextRun SpellingErrorV2Themed SCXW254164534 BCX0\">interesting<\/span> <span class=\"NormalTextRun SpellingErrorV2Themed SCXW254164534 BCX0\">but<\/span> <span class=\"NormalTextRun SpellingErrorV2Themed SCXW254164534 BCX0\">also<\/span> <span class=\"NormalTextRun SpellingErrorV2Themed SCXW254164534 BCX0\">useful<\/span> <span class=\"NormalTextRun SpellingErrorV2Themed SCXW254164534 BCX0\">for<\/span> <span class=\"NormalTextRun SpellingErrorV2Themed SCXW254164534 BCX0\">peers<\/span><span class=\"NormalTextRun SCXW254164534 BCX0\"> and <\/span><span class=\"NormalTextRun SpellingErrorV2Themed SCXW254164534 BCX0\">society<\/span><span class=\"NormalTextRun SCXW254164534 BCX0\">. <\/span><span class=\"NormalTextRun SpellingErrorV2Themed SCXW254164534 BCX0\">Following<\/span><span class=\"NormalTextRun SCXW254164534 BCX0\"> an <\/span><span class=\"NormalTextRun SpellingErrorV2Themed SCXW254164534 BCX0\">extensive<\/span> <span class=\"NormalTextRun SpellingErrorV2Themed SCXW254164534 BCX0\">bibliographical<\/span><span class=\"NormalTextRun SCXW254164534 BCX0\"> (<\/span><span class=\"NormalTextRun SpellingErrorV2Themed SCXW254164534 BCX0\">scoping<\/span><span class=\"NormalTextRun SCXW254164534 BCX0\"> and <\/span><span class=\"NormalTextRun SpellingErrorV2Themed SCXW254164534 BCX0\">systematic<\/span><span class=\"NormalTextRun SCXW254164534 BCX0\">) <\/span><span class=\"NormalTextRun SpellingErrorV2Themed SCXW254164534 BCX0\">literature<\/span> <span class=\"NormalTextRun SpellingErrorV2Themed SCXW254164534 BCX0\">review<\/span><span class=\"NormalTextRun SCXW254164534 BCX0\">, HR <\/span><span class=\"NormalTextRun SpellingErrorV2Themed SCXW254164534 BCX0\">experts<\/span> <span class=\"NormalTextRun SpellingErrorV2Themed SCXW254164534 BCX0\">are<\/span> <span class=\"NormalTextRun SpellingErrorV2Themed SCXW254164534 BCX0\">going<\/span><span class=\"NormalTextRun SCXW254164534 BCX0\"> to be <\/span><span class=\"NormalTextRun SpellingErrorV2Themed SCXW254164534 BCX0\">interviewed<\/span><span class=\"NormalTextRun SCXW254164534 BCX0\"> and <\/span><span class=\"NormalTextRun SpellingErrorV2Themed SCXW254164534 BCX0\">focus<\/span> <span class=\"NormalTextRun SpellingErrorV2Themed SCXW254164534 BCX0\">group<\/span> <span class=\"NormalTextRun SpellingErrorV2Themed SCXW254164534 BCX0\">analyses<\/span> <span class=\"NormalTextRun SpellingErrorV2Themed SCXW254164534 BCX0\">will<\/span><span class=\"NormalTextRun SCXW254164534 BCX0\"> be <\/span><span class=\"NormalTextRun SpellingErrorV2Themed SCXW254164534 BCX0\">conducted<\/span><span class=\"NormalTextRun SCXW254164534 BCX0\"> with <\/span><span class=\"NormalTextRun SpellingErrorV2Themed SCXW254164534 BCX0\">the<\/span> <span class=\"NormalTextRun SpellingErrorV2Themed SCXW254164534 BCX0\">young<\/span> <span class=\"NormalTextRun SpellingErrorV2Themed SCXW254164534 BCX0\">subjects<\/span><span class=\"NormalTextRun SCXW254164534 BCX0\">.<\/span><\/span><span class=\"EOP SCXW254164534 BCX0\" data-ccp-props=\"{&quot;201341983&quot;:0,&quot;335551550&quot;:6,&quot;335551620&quot;:6,&quot;335559739&quot;:160,&quot;335559740&quot;:257}\">\u00a0<\/span><\/p>\n<p>In 2023, another research group joined us, the cooperation connecting the three faculties of the university: its members are, on the one hand, three lecturers from the KVIK Department of Business Languages: Dr. R\u00e9ka Asztalos, Dr. Alexandra Sz\u00e9nich and Dr. \u00c1gnes P\u00e1l, who teach 3 different professional languages (English, German and Spanish), as well as teaching skills development subjects, as well as the three members currently and previously working in OKFI: Dr. Rita Koris (PSZK), Dr. M\u00e1rta Folmeg (KKK) and Dr. Imre Fekete (KVIK). In the forefront of their common interest is <em><strong>innovation in educational methodology, with particular attention to student autonomy, soft skill development, student and teacher digital competencies, internationalization, artificial intelligence literacy, educational development, and teacher development.<\/strong><\/em> Their research topics are: skill development, soft skills, teamwork, autonomous learning, measurement of learning outcomes, digital competences in education, internationalization, professional course management in English (EMI), artificial intelligence literacy, educational development and teacher development.<\/p>\n<p>Between 2017 and 2019 we had a research project focusing on <em>the perceptions related to students\u2019 cheating<\/em>. The research began in 2017 in Hungary and was based on analysis and modelling of interviews. We were investigating the opinions and perceptions of the affected groups \u2013 students and teachers &#8211; concerning the causes and effects of students\u2019 cheating.<\/p>\n<p>Between 2014 and 2016 the project \u2018<em>The Future of School: Business Education in Hungary in 2050<\/em>\u2019 was led by Zsuzsanna G\u00e9ring and G\u00e1bor Kir\u00e1ly. The research goal was to explore how students and teachers active in business education think about the future of business education, what future perspectives they have and prefer and what paths and actions they propose for realising future goals. The multiple research method consisted of a participatory backcasting process.<\/p>\n<p>Beside the ongoing research projects, we are actively engaged in research organising activities. We are members of the &#8216;<a href=\"https:\/\/projects.au.dk\/european-universities-critical-futures\/\" target=\"_blank\" rel=\"noopener\">European Universities &#8211; Critical Futures<\/a>&#8216; project which connects European Higher Education Research Centres and researchers with the leadership of CHEF from Aarhus. Previously we were participating in the project entitled \u201c<a href=\"http:\/\/www.academicintegrity.eu\/wp\/gems\/\" target=\"_blank\" rel=\"noopener\"><em>Global Essay Mills Survey<\/em><\/a>\u201d (GEMS), we were editors of the special issue \u201e<em>Future of Higher Education<\/em>\u201d of the journal <a href=\"https:\/\/www.journals.elsevier.com\/futures\" target=\"_blank\" rel=\"noopener\"><em>Futures<\/em><\/a>. Furthermore, the leader of FHERC, Zsuzsanna G\u00e9ring (PhD) was board member of ISA RC07 Futures Research.<\/p>\n<div id=\"3\" style=\"display: none;\">\n<ol>\n<li>topic: A multiple participatory research process which aimed to explore the patterns of thinking, \u2018normative visions\u2019 and propositions of future of students and teachers active in business education<\/li>\n<li>methodology: a special backcasting process which applied three different types of methods<\/li>\n<li>countries involved: Hungary<\/li>\n<li>duration: 2014-2016<\/li>\n<li>publications <a href=\"https:\/\/future-higher-education.com\/publications\/the-future-of-higher-education\/\" target=\"_blank\" rel=\"noopener\">here<\/a>.<\/li>\n<\/ol>\n<\/div>\n<p>Follow us on <a href=\"https:\/\/www.researchgate.net\/lab\/Future-of-Higher-Education-Research-Centre-Zsuzsanna-Gering-2\" target=\"_blank\" rel=\"noopener\">Researchgate<\/a><\/p>\n","protected":false},"excerpt":{"rendered":"<p>What we research Our main focus is on the challenges and opportunities concerning the Future of Higher Education. We are currently at the end of a 5-year-long research project covering the future of business education. As part of this project, we investigated what social roles highly ranked business schools attribute to themselves and what kind of future they envision in their communication. Furthermore, we explored the most influential trends and biggest challenges facing the HE sector and its institutions, which we channelled into a scenario-building&hellip;<\/p>\n","protected":false},"author":1,"featured_media":0,"parent":0,"menu_order":0,"comment_status":"closed","ping_status":"closed","template":"","meta":{"footnotes":""},"_links":{"self":[{"href":"https:\/\/future-higher-education.hu\/en\/wp-json\/wp\/v2\/pages\/20"}],"collection":[{"href":"https:\/\/future-higher-education.hu\/en\/wp-json\/wp\/v2\/pages"}],"about":[{"href":"https:\/\/future-higher-education.hu\/en\/wp-json\/wp\/v2\/types\/page"}],"author":[{"embeddable":true,"href":"https:\/\/future-higher-education.hu\/en\/wp-json\/wp\/v2\/users\/1"}],"replies":[{"embeddable":true,"href":"https:\/\/future-higher-education.hu\/en\/wp-json\/wp\/v2\/comments?post=20"}],"version-history":[{"count":45,"href":"https:\/\/future-higher-education.hu\/en\/wp-json\/wp\/v2\/pages\/20\/revisions"}],"predecessor-version":[{"id":708,"href":"https:\/\/future-higher-education.hu\/en\/wp-json\/wp\/v2\/pages\/20\/revisions\/708"}],"wp:attachment":[{"href":"https:\/\/future-higher-education.hu\/en\/wp-json\/wp\/v2\/media?parent=20"}],"curies":[{"name":"wp","href":"https:\/\/api.w.org\/{rel}","templated":true}]}}