{"id":30,"date":"2018-05-10T10:06:24","date_gmt":"2018-05-10T08:06:24","guid":{"rendered":"http:\/\/future-higher-education.com\/?page_id=30"},"modified":"2025-01-31T18:13:44","modified_gmt":"2025-01-31T17:13:44","slug":"publications","status":"publish","type":"page","link":"https:\/\/future-higher-education.hu\/en\/publications\/","title":{"rendered":"Publications"},"content":{"rendered":"<blockquote><p><strong>Latest publications:<\/strong><\/p><\/blockquote>\n<p>Kir\u00e1ly, G., &amp; D\u00e9n-Nagy, I. (2024) Action learning. A possible response to the challenges of business higher educations. <em>Action Learning: Research and Practice, <\/em><a href=\"https:\/\/doi.org\/10.1080\/14767333.2024.2442123\">https:\/\/doi.org\/10.1080\/14767333.2024.2442123<\/a>, online first<\/p>\n<p>G\u00e9ring, Z., Kov\u00e1ts, G., Tam\u00e1ssy, R. and Kir\u00e1ly, G. (2024). Public debate about the model change in Hungarian higher education. The representation of radical changes in university governance in Hungary in politically opposing online newspapers between 2019 and 2021. <em>Intersections. East European Journal of Society and Politics<\/em>. 10, 2. <a href=\"https:\/\/doi.org\/10.17356\/ieejsp.v10i2.1276\">https:\/\/doi.org\/10.17356\/ieejsp.v10i2.1276<\/a><\/p>\n<p>Kiss, G., K\u00f6ves, A. &amp; Kir\u00e1ly, G. (2024) The beautiful risk of participatory education: an empirical example of teaching strong sustainability. <em>Management Learning, <\/em><a href=\"https:\/\/doi.org\/10.1177\/13505076241258685\">https:\/\/doi.org\/10.1177\/13505076241258685<\/a> (online first)<\/p>\n<p>Tam\u00e1ssy, R.,\u00a0G\u00e9ring, Z.,\u00a0Kir\u00e1ly, G.,\u00a0Plugor, R.\u00a0and\u00a0Rakovics, M.\u00a0(2024) The portrayal of the role and agency of students and higher education institutions in highly ranked business school discourses,\u00a0<em>Journal of International Education in Business<\/em>, 17(1), 1-20.\u00a0<a href=\"https:\/\/doi.org\/10.1108\/JIEB-09-2022-0064\">https:\/\/doi.org\/10.1108\/JIEB-09-2022-0064<\/a><\/p>\n<p>Fr\u00e1ny\u00f3, Z. &amp; Dorner H. (2024) How to change and what to change? \u2013 Exploring university teachers\u2019 conceptions of adaptive expertise in teaching. <em>Innovations in Education and Teaching International<\/em>, online first, <a href=\"https:\/\/doi.org\/10.1080\/14703297.2024.2343847\">https:\/\/doi.org\/10.1080\/14703297.2024.2343847<\/a><\/p>\n<p>K\u00e9tyi, A., G\u00e9ring, Z., &amp; D\u00e9n-Nagy, I. (2024). ChatGPT from the students&#8217; point of view \u2013 Lessons from a pilot study using ChatGPT in business higher education. <em>Society and Economy<\/em>, online first, <a href=\"https:\/\/doi.org\/10.1556\/204.2024.00007\">https:\/\/doi.org\/10.1556\/204.2024.00007<\/a><\/p>\n<p>Fr\u00e1ny\u00f3, Z. &amp; S\u00e1ndor, E. (2024) The relationship between HE teachers&#8217; mission and teaching approach: Interaction inspiring enthusiasm as the basis for building knowledge and commitment to the profession. <em>Journal of Adult Learning Knowledge and Innovation,<\/em> Paper: 27257. <a href=\"https:\/\/doi.org\/10.1556\/2059.2024.00092\">https:\/\/doi.org\/10.1556\/2059.2024.00092<\/a><\/p>\n<p>Kir\u00e1ly, G. \u2013 K\u00f6ves, A. (2023) Facing finitude: Death-awareness and sustainable transitions. <em>Ecological Economics, 205<\/em>(107729). 1-8. <a href=\"https:\/\/doi.org\/10.1016\/j.ecolecon.2022.107729\" target=\"_blank\" rel=\"noopener\">https:\/\/doi.org\/10.1016\/j.ecolecon.2022.107729<\/a><\/p>\n<p>Kir\u00e1ly, G. \u2013 G\u00e9ring, Zs. \u2013 Tam\u00e1ssy, R. (2023) Future and agency frames: how business schools construct the term future and what they claim to do about it? <em>Journal of Futures Studies, 28(1), 41-54. <\/em><a href=\"https:\/\/doi.org\/10.6531\/JFS.202309_28(1).0004\" target=\"_blank\" rel=\"noopener\">https:\/\/doi.org\/10.6531\/JFS.202309_28(1).0004<\/a><\/p>\n<p>G\u00e9ring Z. \u2013 Tam\u00e1ssy R. \u2013 Kir\u00e1ly G. \u2013 Rakovics M. (2023) The portrayal of the future as legitimacy construction. Discursive strategies in highly ranked business schools\u2019 external communication. <em>Higher Education<\/em>, <em>85<\/em>(4), 775-793. <a href=\"https:\/\/doi.org\/10.1007\/s10734-022-00865-1\" target=\"_blank\" rel=\"noopener\">https:\/\/doi.org\/10.1007\/s10734-022-00865-1<\/a><\/p>\n<p>Csillag S. \u2013 Kir\u00e1ly G. \u2013 Rakovics M. \u2013 G\u00e9ring Zs. (2022) Agents for sustainable futures? The (unfulfilled) promise of sustainability at leading business schools. <em>Futures, 144<\/em>(103044) 1-16. <a href=\"https:\/\/doi.org\/10.1016\/j.futures.2022.103044\" target=\"_blank\" rel=\"noopener\">https:\/\/doi.org\/10.1016\/j.futures.2022.103044<\/a><\/p>\n<p>F\u0171zi B. \u2013 G\u00e9ring Z. \u2013 Szendrei-P\u00e1l E. (2022) Changing expectations related to digitalisation and socialisation in higher education. Horizon scanning of pre- and post-COVID-19 discourses. <em>Educational Review<\/em>, 74(3), 484-516. <a href=\"https:\/\/doi.org\/10.1080\/00131911.2021.2023101\" target=\"_blank\" rel=\"noopener\">https:\/\/doi.org\/10.1080\/00131911.2021.2023101<\/a><\/p>\n<p>Tam\u00e1ssy R. \u2013 G\u00e9ring Z. (2022) Rich variety of DA approaches applied in social media research \u2013 a systematic scoping review. <em>Discourse &amp; Communication<\/em>, 16(1), 93-109. <a href=\"https:\/\/doi.org\/10.1177\/17504813211043722\" target=\"_blank\" rel=\"noopener\">https:\/\/doi.org\/10.1177\/17504813211043722<\/a><\/p>\n<p>Feh\u00e9r K. \u2013 G\u00e9ring Z. \u2013 Kir\u00e1ly G. (2022) Promoting the future of innovative higher education through thousands of master\u2019s programmes. STEM, interdisciplinary and business studies in a changing labour market. <em>Society and Economy<\/em>, 44(1), 46-64, <a href=\"https:\/\/doi.org\/10.1556\/204.2021.00019\" target=\"_blank\" rel=\"noopener\">https:\/\/doi.org\/10.1556\/204.2021.00019<\/a><\/p>\n<p><em>\u00a0<\/em><\/p>\n<blockquote><p><strong>Our publications by themes:<\/strong><\/p><\/blockquote>\n<ul>\n<li><a href=\"https:\/\/future-higher-education.hu\/en\/publications\/the-future-of-higher-education\/\">The Future of Higher Education<\/a><\/li>\n<li><a href=\"https:\/\/future-higher-education.hu\/en\/publications\/horizon-scanning-series\/\" rel=\"noopener\">Horizon Scanning Series<\/a><\/li>\n<li><a href=\"https:\/\/future-higher-education.hu\/en\/publications\/student-cheating-and-academic-integrity\/\">Student Cheating and Academic Integrity<\/a><\/li>\n<li><a href=\"https:\/\/future-higher-education.hu\/en\/publications\/methodology\/\">Methodology<\/a><\/li>\n<li><a href=\"https:\/\/future-higher-education.hu\/en\/publications\/other-publications\/\">Other publications<\/a><\/li>\n<\/ul>\n","protected":false},"excerpt":{"rendered":"<p>Latest publications: Kir\u00e1ly, G., &amp; D\u00e9n-Nagy, I. (2024) Action learning. A possible response to the challenges of business higher educations. Action Learning: Research and Practice, https:\/\/doi.org\/10.1080\/14767333.2024.2442123, online first G\u00e9ring, Z., Kov\u00e1ts, G., Tam\u00e1ssy, R. and Kir\u00e1ly, G. (2024). Public debate about the model change in Hungarian higher education. The representation of radical changes in university governance in Hungary in politically opposing online newspapers between 2019 and 2021. Intersections. East European Journal of Society and Politics. 10, 2. https:\/\/doi.org\/10.17356\/ieejsp.v10i2.1276 Kiss, G., K\u00f6ves, A. &amp; Kir\u00e1ly, G.&hellip;<\/p>\n","protected":false},"author":1,"featured_media":0,"parent":0,"menu_order":0,"comment_status":"closed","ping_status":"closed","template":"","meta":{"footnotes":""},"_links":{"self":[{"href":"https:\/\/future-higher-education.hu\/en\/wp-json\/wp\/v2\/pages\/30"}],"collection":[{"href":"https:\/\/future-higher-education.hu\/en\/wp-json\/wp\/v2\/pages"}],"about":[{"href":"https:\/\/future-higher-education.hu\/en\/wp-json\/wp\/v2\/types\/page"}],"author":[{"embeddable":true,"href":"https:\/\/future-higher-education.hu\/en\/wp-json\/wp\/v2\/users\/1"}],"replies":[{"embeddable":true,"href":"https:\/\/future-higher-education.hu\/en\/wp-json\/wp\/v2\/comments?post=30"}],"version-history":[{"count":19,"href":"https:\/\/future-higher-education.hu\/en\/wp-json\/wp\/v2\/pages\/30\/revisions"}],"predecessor-version":[{"id":710,"href":"https:\/\/future-higher-education.hu\/en\/wp-json\/wp\/v2\/pages\/30\/revisions\/710"}],"wp:attachment":[{"href":"https:\/\/future-higher-education.hu\/en\/wp-json\/wp\/v2\/media?parent=30"}],"curies":[{"name":"wp","href":"https:\/\/api.w.org\/{rel}","templated":true}]}}