{"id":37,"date":"2018-05-10T10:33:00","date_gmt":"2018-05-10T08:33:00","guid":{"rendered":"http:\/\/future-higher-education.com\/?page_id=37"},"modified":"2020-01-13T12:00:43","modified_gmt":"2020-01-13T11:00:43","slug":"student-cheating-and-academic-integrity","status":"publish","type":"page","link":"https:\/\/future-higher-education.hu\/en\/publications\/student-cheating-and-academic-integrity\/","title":{"rendered":"Student Cheating and Academic Integrity"},"content":{"rendered":"<p><em>Articles<\/em><\/p>\n<p>Nick Chandler\u00a0\u2013 Csillag S\u00e1ra\u00a0\u2013 Kir\u00e1ly G\u00e1bor\u00a0\u2013 G\u00e9ring Zsuzsanna\u00a0\u2013 Kov\u00e1cs Kinga\u00a0\u2013 Lovas Yvette\u00a0\u2013 Miskolczi P\u00e9ter [2017] The ethics of our future business leaders: an analysis of the perceptions of cheating in higher education. <em>K\u00d6ZGAZD\u00c1SZ F\u00d3RUM \/ FORUM ON ECONOMICS AND BUSINESS<\/em> 20(131) pp. 3-27.<\/p>\n<p><em>Conference papers<\/em><\/p>\n<p>Nicholas Chandler, G\u00e1bor Kir\u00e1ly, Zsuzsanna G\u00e9ring, P\u00e9ter Miskolczi, Yvette Lovas, Kinga Kov\u00e1cs, S\u00e1ra Csillag [2018] When two worlds collide: cheating and the culture of academia, <em>CIHES Working Paper No.14.<\/em>, 3rd Central European Higher Education Cooperation Conference Proceedings, Editors: Gergely Kov\u00e1ts \u2013 M\u00e1ty\u00e1s Szab\u00f3, August 2018.<\/p>\n<p><i>Conference presentations<\/i><\/p>\n<p>P\u00e9ter Miskolczi \u2013 Nicholas Chandler \u2013 S\u00e1ra Csillag \u2013 G\u00e1bor Kir\u00e1ly \u2013 Zsuzsanna G\u00e9ring \u2013 Robin Heged\u0171s \u2013 Borb\u00e1la Szcuka [2018] It Hurts Me But I Won\u2019t Say It \u2013 Exploring University Teachers\u2019 Emotions in Reaction to Student Cheating.\u00a0<em>Shaping ethics in academia and society (SEAS 2018),<\/em>\u00a0Mykolas Romeris University, Vilnius, Lithuania, 2018. okt\u00f3ber 11-12.<\/p>\n<p>Chandler Nicholas Guy\u00a0\u2013 Csillag S\u00e1ra\u00a0\u2013 G\u00e9ring Zsuzsanna\u00a0\u2013 Miskolczi P\u00e9ter\u00a0\u2013 Kir\u00e1ly G\u00e1bor\u00a0\u2013 Borcsa Szczuka\u00a0\u2013 Heged\u0171s Robin [2018] Dealing with cheating? A qualitative analysis of reactions to cheating as modes of conflict management. <em>EBEN Research Conference 2018<\/em>, Vienna, Austria, September 6-8.<\/p>\n<p>P\u00e9ter Miskolczi \u2013 Nicholas Chandler \u2013 S\u00e1ra Csillag \u2013 G\u00e1bor Kir\u00e1ly \u2013 Zsuzsanna G\u00e9ring Kinga Kov\u00e1cs \u2013 Yvette Lovas [2017] Catch Me If You Can \u2013 A Dynamic Model of Student Cheating at Hungarian Business Universities. <em>Shaping Ethics in Academia and Society: Practices in the Baltic Sea Region Conference<\/em>, 16-17 October 2017, Vilnius, Lithuania<\/p>\n<p>Nicholas Chandler \u2013 S\u00e1ra Csillag \u2013 G\u00e1bor Kir\u00e1ly \u2013 Zsuzsanna G\u00e9ring \u2013 Kinga Kov\u00e1cs \u2013 Yvette Lovas \u2013 P\u00e9ter Miskolczi [2017] Cheating their way to the top? Comparing the academic and the stakeholder discourse of student cheating. 18th International Conference on Human Resource Development Research and Practice, 2017, Lisbon, Portugal, 07-08. 06. 2017<\/p>\n<p>Kir\u00e1ly G\u00e1bor \u2013 G\u00e9ring Zsuzsanna \u2013 Nicholas Chandler \u2013 Miskolczi P\u00e9ter \u2013 Lovas Yvette \u2013 Kov\u00e1cs Kinga \u2013 Csillag S\u00e1ra [2017] Parallel universes: cheating at the university. Comparing lecturers\u2019 and students\u2019 understanding of student cheating. Plagiarism across Europe and beyond 2017, Brno, Czech Republic, 24- 26. 05. 2017<\/p>\n<p>Nicholas Chandler \u2013 G\u00e1bor Kir\u00e1ly \u2013 Zsuzsanna G\u00e9ring \u2013 P\u00e9ter Miskolczi \u2013 Yvette Lovas \u2013 Kinga Kov\u00e1cs \u2013 S\u00e1ra Csillag [2017] When two worlds collide: cheating and the culture of academia. 3rd Conference of Central European Higher Education Cooperation (CEHEC), Budapest, Hungary, 24-25. 04. 2017<\/p>\n","protected":false},"excerpt":{"rendered":"<p>Articles Nick Chandler\u00a0\u2013 Csillag S\u00e1ra\u00a0\u2013 Kir\u00e1ly G\u00e1bor\u00a0\u2013 G\u00e9ring Zsuzsanna\u00a0\u2013 Kov\u00e1cs Kinga\u00a0\u2013 Lovas Yvette\u00a0\u2013 Miskolczi P\u00e9ter [2017] The ethics of our future business leaders: an analysis of the perceptions of cheating in higher education. K\u00d6ZGAZD\u00c1SZ F\u00d3RUM \/ FORUM ON ECONOMICS AND BUSINESS 20(131) pp. 3-27. Conference papers Nicholas Chandler, G\u00e1bor Kir\u00e1ly, Zsuzsanna G\u00e9ring, P\u00e9ter Miskolczi, Yvette Lovas, Kinga Kov\u00e1cs, S\u00e1ra Csillag [2018] When two worlds collide: cheating and the culture of academia, CIHES Working Paper No.14., 3rd Central European Higher Education Cooperation Conference Proceedings, Editors: Gergely&hellip;<\/p>\n","protected":false},"author":1,"featured_media":0,"parent":30,"menu_order":0,"comment_status":"closed","ping_status":"closed","template":"","meta":{"footnotes":""},"_links":{"self":[{"href":"https:\/\/future-higher-education.hu\/en\/wp-json\/wp\/v2\/pages\/37"}],"collection":[{"href":"https:\/\/future-higher-education.hu\/en\/wp-json\/wp\/v2\/pages"}],"about":[{"href":"https:\/\/future-higher-education.hu\/en\/wp-json\/wp\/v2\/types\/page"}],"author":[{"embeddable":true,"href":"https:\/\/future-higher-education.hu\/en\/wp-json\/wp\/v2\/users\/1"}],"replies":[{"embeddable":true,"href":"https:\/\/future-higher-education.hu\/en\/wp-json\/wp\/v2\/comments?post=37"}],"version-history":[{"count":7,"href":"https:\/\/future-higher-education.hu\/en\/wp-json\/wp\/v2\/pages\/37\/revisions"}],"predecessor-version":[{"id":377,"href":"https:\/\/future-higher-education.hu\/en\/wp-json\/wp\/v2\/pages\/37\/revisions\/377"}],"up":[{"embeddable":true,"href":"https:\/\/future-higher-education.hu\/en\/wp-json\/wp\/v2\/pages\/30"}],"wp:attachment":[{"href":"https:\/\/future-higher-education.hu\/en\/wp-json\/wp\/v2\/media?parent=37"}],"curies":[{"name":"wp","href":"https:\/\/api.w.org\/{rel}","templated":true}]}}